{"id":105,"date":"2022-12-28T11:38:45","date_gmt":"2022-12-28T11:38:45","guid":{"rendered":"https:\/\/aboutthatsmile.com\/?page_id=105"},"modified":"2023-01-26T10:34:03","modified_gmt":"2023-01-26T10:34:03","slug":"kontakt","status":"publish","type":"page","link":"https:\/\/aboutthatsmile.com\/de\/kontakt\/","title":{"rendered":"Kontakt"},"content":{"rendered":"\n<p>Auf <strong>About That Smile <\/strong>dreht sich alles rund um das Thema unsichtbare Zahnspange. Dabei stellen wir sorgf\u00e4ltig recherchierte Informationen zur Verf\u00fcgung und versuchen, offene Fragen bestm\u00f6glich zu beantworten.&nbsp;<\/p>\n\n\n\n<p>Ob eine Zahnkorrektur mit Alignern in eurem individuellen Fall jedoch m\u00f6glich ist, erfahrt ihr nur bei eurem Zahnarzt oder Kieferorthop\u00e4den bzw. bei den jeweiligen Aligner Anbietern.&nbsp;<\/p>\n\n\n\n<p>Wir empfehlen euch auch, immer noch einmal R\u00fccksprache mit einem Zahnmediziner zu halten, bevor ihr euch f\u00fcr die Aligner-Behandlung entscheidet.<\/p>\n\n\n\n<p>Das gilt selbstverst\u00e4ndlich auch f\u00fcr alle anderen zahnmedizinischen Fragen sowie Problemen oder Schmerzen, die im Lauf der Zahnkorrektur auftreten.&nbsp;<\/p>\n\n\n\n<p>Denn About That Smile kann keinen medizinischen Rat ersetzen und dient lediglich als Informations- und Inspirationsquelle.<\/p>\n\n\n\n<figure class=\"wp-block-gallery has-nested-images columns-default is-cropped wp-block-gallery-1 is-layout-flex wp-block-gallery-is-layout-flex\">\n<figure class=\"wp-block-image size-large\"><img decoding=\"async\" width=\"1024\" height=\"684\" data-id=\"738\" src=\"https:\/\/aboutthatsmile.com\/wp-content\/uploads\/2023\/01\/junger-mann-haelt-aligner-zeigt-darauf-1024x684.jpg\" alt=\"Junger Mann h\u00e4lt l\u00e4chelnd unsichtbare Zahnschiene in der Hand\" class=\"wp-image-738\" title=\"\" srcset=\"https:\/\/aboutthatsmile.com\/wp-content\/uploads\/2023\/01\/junger-mann-haelt-aligner-zeigt-darauf-1024x684.jpg 1024w, https:\/\/aboutthatsmile.com\/wp-content\/uploads\/2023\/01\/junger-mann-haelt-aligner-zeigt-darauf-300x200.jpg 300w, https:\/\/aboutthatsmile.com\/wp-content\/uploads\/2023\/01\/junger-mann-haelt-aligner-zeigt-darauf-768x513.jpg 768w, https:\/\/aboutthatsmile.com\/wp-content\/uploads\/2023\/01\/junger-mann-haelt-aligner-zeigt-darauf-960x641.jpg 960w, https:\/\/aboutthatsmile.com\/wp-content\/uploads\/2023\/01\/junger-mann-haelt-aligner-zeigt-darauf-1080x721.jpg 1080w, https:\/\/aboutthatsmile.com\/wp-content\/uploads\/2023\/01\/junger-mann-haelt-aligner-zeigt-darauf.jpg 1200w\" sizes=\"(max-width: 1024px) 100vw, 1024px\" \/><\/figure>\n\n\n\n<figure class=\"wp-block-image size-large\"><img decoding=\"async\" width=\"1024\" height=\"683\" data-id=\"728\" src=\"https:\/\/aboutthatsmile.com\/wp-content\/uploads\/2023\/01\/junge-frau-haelt-aligner-und-zahnbuersten-1024x683.jpg\" alt=\"Zahnschiene reinigen: Junge Frau reinigt Aligner mit Zahnb\u00fcrste\" class=\"wp-image-728\" title=\"\" srcset=\"https:\/\/aboutthatsmile.com\/wp-content\/uploads\/2023\/01\/junge-frau-haelt-aligner-und-zahnbuersten-1024x683.jpg 1024w, https:\/\/aboutthatsmile.com\/wp-content\/uploads\/2023\/01\/junge-frau-haelt-aligner-und-zahnbuersten-300x200.jpg 300w, https:\/\/aboutthatsmile.com\/wp-content\/uploads\/2023\/01\/junge-frau-haelt-aligner-und-zahnbuersten-768x512.jpg 768w, https:\/\/aboutthatsmile.com\/wp-content\/uploads\/2023\/01\/junge-frau-haelt-aligner-und-zahnbuersten-960x640.jpg 960w, https:\/\/aboutthatsmile.com\/wp-content\/uploads\/2023\/01\/junge-frau-haelt-aligner-und-zahnbuersten-1080x720.jpg 1080w, https:\/\/aboutthatsmile.com\/wp-content\/uploads\/2023\/01\/junge-frau-haelt-aligner-und-zahnbuersten.jpg 1200w\" sizes=\"(max-width: 1024px) 100vw, 1024px\" \/><\/figure>\n\n\n\n<figure class=\"wp-block-image size-large\"><img decoding=\"async\" width=\"1024\" height=\"684\" data-id=\"733\" src=\"https:\/\/aboutthatsmile.com\/wp-content\/uploads\/2023\/01\/junge-frau-haelt-aligner-1024x684.jpg\" alt=\"Frau h\u00e4lt Aligner in der Hand und l\u00e4chelt\" class=\"wp-image-733\" title=\"\" srcset=\"https:\/\/aboutthatsmile.com\/wp-content\/uploads\/2023\/01\/junge-frau-haelt-aligner-1024x684.jpg 1024w, https:\/\/aboutthatsmile.com\/wp-content\/uploads\/2023\/01\/junge-frau-haelt-aligner-300x200.jpg 300w, https:\/\/aboutthatsmile.com\/wp-content\/uploads\/2023\/01\/junge-frau-haelt-aligner-768x513.jpg 768w, https:\/\/aboutthatsmile.com\/wp-content\/uploads\/2023\/01\/junge-frau-haelt-aligner-960x641.jpg 960w, https:\/\/aboutthatsmile.com\/wp-content\/uploads\/2023\/01\/junge-frau-haelt-aligner-1080x721.jpg 1080w, https:\/\/aboutthatsmile.com\/wp-content\/uploads\/2023\/01\/junge-frau-haelt-aligner.jpg 1200w\" sizes=\"(max-width: 1024px) 100vw, 1024px\" \/><\/figure>\n<\/figure>\n\n\n\n<div id=\"ez-toc-container\" class=\"ez-toc-v2_0_82_2 counter-hierarchy ez-toc-counter ez-toc-grey ez-toc-container-direction\">\n<div class=\"ez-toc-title-container\">\n<p class=\"ez-toc-title\" style=\"cursor:inherit\">Table of Contents<\/p>\n<span class=\"ez-toc-title-toggle\"><a href=\"#\" class=\"ez-toc-pull-right ez-toc-btn ez-toc-btn-xs ez-toc-btn-default ez-toc-toggle\" aria-label=\"Toggle Table of Content\"><span class=\"ez-toc-js-icon-con\"><span class=\"\"><span class=\"eztoc-hide\" style=\"display:none;\">Toggle<\/span><span class=\"ez-toc-icon-toggle-span\"><svg style=\"fill: #999;color:#999\" xmlns=\"http:\/\/www.w3.org\/2000\/svg\" class=\"list-377408\" width=\"20px\" height=\"20px\" viewBox=\"0 0 24 24\" fill=\"none\"><path d=\"M6 6H4v2h2V6zm14 0H8v2h12V6zM4 11h2v2H4v-2zm16 0H8v2h12v-2zM4 16h2v2H4v-2zm16 0H8v2h12v-2z\" fill=\"currentColor\"><\/path><\/svg><svg style=\"fill: #999;color:#999\" class=\"arrow-unsorted-368013\" xmlns=\"http:\/\/www.w3.org\/2000\/svg\" width=\"10px\" height=\"10px\" viewBox=\"0 0 24 24\" version=\"1.2\" baseProfile=\"tiny\"><path d=\"M18.2 9.3l-6.2-6.3-6.2 6.3c-.2.2-.3.4-.3.7s.1.5.3.7c.2.2.4.3.7.3h11c.3 0 .5-.1.7-.3.2-.2.3-.5.3-.7s-.1-.5-.3-.7zM5.8 14.7l6.2 6.3 6.2-6.3c.2-.2.3-.5.3-.7s-.1-.5-.3-.7c-.2-.2-.4-.3-.7-.3h-11c-.3 0-.5.1-.7.3-.2.2-.3.5-.3.7s.1.5.3.7z\"\/><\/svg><\/span><\/span><\/span><\/a><\/span><\/div>\n<nav><ul class='ez-toc-list ez-toc-list-level-1 eztoc-toggle-hide-by-default' ><li class='ez-toc-page-1 ez-toc-heading-level-2'><a class=\"ez-toc-link ez-toc-heading-1\" href=\"https:\/\/aboutthatsmile.com\/de\/kontakt\/#Regelmaessige_Kontrolltermine_sind_unerlaesslich\" >Regelm\u00e4\u00dfige Kontrolltermine sind unerl\u00e4sslich<\/a><\/li><li class='ez-toc-page-1 ez-toc-heading-level-2'><a class=\"ez-toc-link ez-toc-heading-2\" href=\"https:\/\/aboutthatsmile.com\/de\/kontakt\/#Kontaktiert_uns_gerne_fuer_Fragen_und_Feedback\" >Kontaktiert uns gerne f\u00fcr Fragen und Feedback&nbsp;<\/a><\/li><\/ul><\/nav><\/div>\n<h2 class=\"wp-block-heading\"><span class=\"ez-toc-section\" id=\"Regelmaessige_Kontrolltermine_sind_unerlaesslich\"><\/span>Regelm\u00e4\u00dfige Kontrolltermine sind unerl\u00e4sslich  <span class=\"ez-toc-section-end\"><\/span><\/h2>\n\n\n\n<p>Zweimal j\u00e4hrlich sollte au\u00dferdem der Termin zur zahn\u00e4rztlichen Kontrolluntersuchung in eurem Kalender auftauchen. Das gilt grunds\u00e4tzlich immer &#8211; aber ganz besonders w\u00e4hrend eurer Zahnkorrektur mit unsichtbaren Alignern.&nbsp;<\/p>\n\n\n\n<p>Denn hier kontrolliert der Zahnarzt nicht nur Z\u00e4hne und Zahnfleisch, sondern \u00fcberpr\u00fcft auch den Zustand der Mundschleimhaut und der Zunge.&nbsp;<\/p>\n\n\n\n<p>Auf diese Weise ist es m\u00f6glich, eventuelle Krankheiten der Z\u00e4hne wie Karies oder Zahnfleischprobleme rechtzeitig zu entdecken und gegebenenfalls mit einer Therapie zu beginnen.<\/p>\n\n\n\n<p>Vernachl\u00e4ssigt diese Termine auch dann nicht, wenn ihr keine Schmerzen oder Probleme habt. Denn das Tragen der Aligner kann unentdeckte Zahnerkrankungen gegebenenfalls verschlimmern.&nbsp;<\/p>\n\n\n\n<h2 class=\"wp-block-heading\"><span class=\"ez-toc-section\" id=\"Kontaktiert_uns_gerne_fuer_Fragen_und_Feedback\"><\/span>Kontaktiert uns gerne f\u00fcr Fragen und Feedback&nbsp;<span class=\"ez-toc-section-end\"><\/span><\/h2>\n\n\n\n<p>Ihr habt Fragen rund um die unsichtbare Zahnspange oder w\u00fcnscht euch, dass wir ein spezielles Thema auf dieser Webseite behandeln?&nbsp;<\/p>\n\n\n\n<p>Dann kontaktiert uns gerne unter <a href=\"mailto:info@aboutthatsmile.com\">info@aboutthatsmile.com<\/a>. Selbstverst\u00e4ndlich freuen wir uns auch \u00fcber andere Anregungen und Feedback.&nbsp;<\/p>\n","protected":false},"excerpt":{"rendered":"<p>Auf About That Smile dreht sich alles rund um das Thema unsichtbare Zahnspange. Dabei stellen wir sorgf\u00e4ltig recherchierte Informationen zur Verf\u00fcgung und versuchen, offene Fragen bestm\u00f6glich zu beantworten.&nbsp; Ob eine Zahnkorrektur mit Alignern in eurem individuellen Fall jedoch m\u00f6glich ist, erfahrt ihr nur bei eurem Zahnarzt oder Kieferorthop\u00e4den bzw. bei den jeweiligen Aligner Anbietern.&nbsp; Wir&#8230;<\/p>\n","protected":false},"author":2,"featured_media":148,"parent":0,"menu_order":0,"comment_status":"closed","ping_status":"closed","template":"","meta":{"_kad_post_transparent":"","_kad_post_title":"","_kad_post_layout":"","_kad_post_sidebar_id":"","_kad_post_content_style":"","_kad_post_vertical_padding":"","_kad_post_feature":"","_kad_post_feature_position":"","_kad_post_header":false,"_kad_post_footer":false,"_kad_post_classname":"","footnotes":""},"class_list":["post-105","page","type-page","status-publish","has-post-thumbnail","hentry"],"_links":{"self":[{"href":"https:\/\/aboutthatsmile.com\/de\/wp-json\/wp\/v2\/pages\/105","targetHints":{"allow":["GET"]}}],"collection":[{"href":"https:\/\/aboutthatsmile.com\/de\/wp-json\/wp\/v2\/pages"}],"about":[{"href":"https:\/\/aboutthatsmile.com\/de\/wp-json\/wp\/v2\/types\/page"}],"author":[{"embeddable":true,"href":"https:\/\/aboutthatsmile.com\/de\/wp-json\/wp\/v2\/users\/2"}],"replies":[{"embeddable":true,"href":"https:\/\/aboutthatsmile.com\/de\/wp-json\/wp\/v2\/comments?post=105"}],"version-history":[{"count":2,"href":"https:\/\/aboutthatsmile.com\/de\/wp-json\/wp\/v2\/pages\/105\/revisions"}],"predecessor-version":[{"id":957,"href":"https:\/\/aboutthatsmile.com\/de\/wp-json\/wp\/v2\/pages\/105\/revisions\/957"}],"wp:featuredmedia":[{"embeddable":true,"href":"https:\/\/aboutthatsmile.com\/de\/wp-json\/wp\/v2\/media\/148"}],"wp:attachment":[{"href":"https:\/\/aboutthatsmile.com\/de\/wp-json\/wp\/v2\/media?parent=105"}],"curies":[{"name":"wp","href":"https:\/\/api.w.org\/{rel}","templated":true}]}}