{"id":93,"date":"2022-12-28T10:30:00","date_gmt":"2022-12-28T10:30:00","guid":{"rendered":"https:\/\/aboutthatsmile.com\/?page_id=93"},"modified":"2023-06-02T16:30:26","modified_gmt":"2023-06-02T16:30:26","slug":"medizinische-informationen-disclaimer","status":"publish","type":"page","link":"https:\/\/aboutthatsmile.com\/de\/medizinische-informationen-disclaimer\/","title":{"rendered":"Medizinische Informationen Haftungsausschluss"},"content":{"rendered":"\n<p><strong>\n<div role=\"navigation\" aria-label=\"Sprachwechsler\" class=\"wpml-ls-statics-shortcode_actions wpml-ls wpml-ls-legacy-list-horizontal\">\n\t<ul><li class=\"wpml-ls-slot-shortcode_actions wpml-ls-item wpml-ls-item-en wpml-ls-first-item wpml-ls-item-legacy-list-horizontal\">\n\t\t\t\t<a href=\"https:\/\/aboutthatsmile.com\/\" hreflang=\"en\" lang=\"en\" class=\"wpml-ls-link\" aria-label=\"Wechseln zu English\" title=\"Wechseln zu English\">\n\t\t\t\t\t                                    <img decoding=\"async\"\n            class=\"wpml-ls-flag\"\n            src=\"https:\/\/aboutthatsmile.com\/wp-content\/plugins\/sitepress-multilingual-cms\/res\/flags\/en.svg\"\n            alt=\"\"\n            loading=\"lazy\"\n            width=18\n            height=12\n    \/><span class=\"wpml-ls-native\">English<\/span><\/a>\n\t\t\t<\/li><li class=\"wpml-ls-slot-shortcode_actions wpml-ls-item wpml-ls-item-de wpml-ls-current-language wpml-ls-item-legacy-list-horizontal\">\n\t\t\t\t<a href=\"https:\/\/aboutthatsmile.com\/de\/\" hreflang=\"de\" lang=\"de\" class=\"wpml-ls-link\" aria-current=\"page\" aria-label=\"Wechseln zu Deutsch\" title=\"Wechseln zu Deutsch\">\n\t\t\t\t\t                                    <img decoding=\"async\"\n            class=\"wpml-ls-flag\"\n            src=\"https:\/\/aboutthatsmile.com\/wp-content\/plugins\/sitepress-multilingual-cms\/res\/flags\/de.svg\"\n            alt=\"\"\n            loading=\"lazy\"\n            width=18\n            height=12\n    \/><span class=\"wpml-ls-native\">Deutsch<\/span><\/a>\n\t\t\t<\/li><li class=\"wpml-ls-slot-shortcode_actions wpml-ls-item wpml-ls-item-nl wpml-ls-item-legacy-list-horizontal\">\n\t\t\t\t<a href=\"https:\/\/aboutthatsmile.com\/nl\/\" hreflang=\"nl\" lang=\"nl\" class=\"wpml-ls-link\" aria-label=\"Wechseln zu Nederlands\" title=\"Wechseln zu Nederlands\">\n\t\t\t\t\t                                    <img decoding=\"async\"\n            class=\"wpml-ls-flag\"\n            src=\"https:\/\/aboutthatsmile.com\/wp-content\/plugins\/sitepress-multilingual-cms\/res\/flags\/nl.svg\"\n            alt=\"\"\n            loading=\"lazy\"\n            width=18\n            height=12\n    \/><span class=\"wpml-ls-native\">Nederlands<\/span><\/a>\n\t\t\t<\/li><li class=\"wpml-ls-slot-shortcode_actions wpml-ls-item wpml-ls-item-it wpml-ls-item-legacy-list-horizontal\">\n\t\t\t\t<a href=\"https:\/\/aboutthatsmile.com\/it\/\" hreflang=\"it\" lang=\"it\" class=\"wpml-ls-link\" aria-label=\"Wechseln zu Italiano\" title=\"Wechseln zu Italiano\">\n\t\t\t\t\t                                    <img decoding=\"async\"\n            class=\"wpml-ls-flag\"\n            src=\"https:\/\/aboutthatsmile.com\/wp-content\/plugins\/sitepress-multilingual-cms\/res\/flags\/it.svg\"\n            alt=\"\"\n            loading=\"lazy\"\n            width=18\n            height=12\n    \/><span class=\"wpml-ls-native\">Italiano<\/span><\/a>\n\t\t\t<\/li><li class=\"wpml-ls-slot-shortcode_actions wpml-ls-item wpml-ls-item-fr wpml-ls-item-legacy-list-horizontal\">\n\t\t\t\t<a href=\"https:\/\/aboutthatsmile.com\/fr\/\" hreflang=\"fr\" lang=\"fr\" class=\"wpml-ls-link\" aria-label=\"Wechseln zu Fran\u00e7ais\" title=\"Wechseln zu Fran\u00e7ais\">\n\t\t\t\t\t                                    <img decoding=\"async\"\n            class=\"wpml-ls-flag\"\n            src=\"https:\/\/aboutthatsmile.com\/wp-content\/plugins\/sitepress-multilingual-cms\/res\/flags\/fr.svg\"\n            alt=\"\"\n            loading=\"lazy\"\n            width=18\n            height=12\n    \/><span class=\"wpml-ls-native\">Fran\u00e7ais<\/span><\/a>\n\t\t\t<\/li><li class=\"wpml-ls-slot-shortcode_actions wpml-ls-item wpml-ls-item-sv wpml-ls-item-legacy-list-horizontal\">\n\t\t\t\t<a href=\"https:\/\/aboutthatsmile.com\/sv\/\" hreflang=\"sv\" lang=\"sv\" class=\"wpml-ls-link\" aria-label=\"Wechseln zu Svenska\" title=\"Wechseln zu Svenska\">\n\t\t\t\t\t                                    <img decoding=\"async\"\n            class=\"wpml-ls-flag\"\n            src=\"https:\/\/aboutthatsmile.com\/wp-content\/plugins\/sitepress-multilingual-cms\/res\/flags\/sv.svg\"\n            alt=\"\"\n            loading=\"lazy\"\n            width=18\n            height=12\n    \/><span class=\"wpml-ls-native\">Svenska<\/span><\/a>\n\t\t\t<\/li><li class=\"wpml-ls-slot-shortcode_actions wpml-ls-item wpml-ls-item-es wpml-ls-last-item wpml-ls-item-legacy-list-horizontal\">\n\t\t\t\t<a href=\"https:\/\/aboutthatsmile.com\/es\/\" hreflang=\"es\" lang=\"es\" class=\"wpml-ls-link\" aria-label=\"Wechseln zu Espa\u00f1ol\" title=\"Wechseln zu Espa\u00f1ol\">\n\t\t\t\t\t                                    <img decoding=\"async\"\n            class=\"wpml-ls-flag\"\n            src=\"https:\/\/aboutthatsmile.com\/wp-content\/plugins\/sitepress-multilingual-cms\/res\/flags\/es.svg\"\n            alt=\"\"\n            loading=\"lazy\"\n            width=18\n            height=12\n    \/><span class=\"wpml-ls-native\">Espa\u00f1ol<\/span><\/a>\n\t\t\t<\/li><\/ul>\n<\/div>\n<\/strong><\/p>\n\n<p>Die von About That Smile zur Verf\u00fcgung gestellten Informationen \u00fcber die Gesundheit sind nicht dazu bestimmt, Krankheiten zu diagnostizieren, zu behandeln, zu heilen oder zu verhindern. Produkte, Dienstleistungen, Informationen und andere Inhalte, die von About That Smile zur Verf\u00fcgung gestellt werden, einschlie\u00dflich Informationen, die auf Webseiten Dritter verweisen, werden nur zu Informationszwecken bereitgestellt.<\/p>\n\n<p>Die von About That Smile angebotenen Informationen sind nicht umfassend und decken nicht alle Krankheiten, Beschwerden, k\u00f6rperlichen Zust\u00e4nde oder deren Behandlung ab.<\/p>\n\n<p>Jeder Mensch ist anders und kann auf verschiedene Produkte unterschiedlich reagieren. Kommentare, die von Mitarbeitern oder anderen Nutzern auf About That Smile abgegeben werden, sind ausschlie\u00dflich ihre pers\u00f6nliche Meinung in ihrer pers\u00f6nlichen Eigenschaft und stellen weder Behauptungen von About That Smile dar, noch repr\u00e4sentieren sie die Position oder Meinung des Unternehmens Latitude 12 LLC.<\/p>\n\n<p>Latitude 12 LLC haftet nicht f\u00fcr Informationen, die von About That Smile in Bezug auf Empfehlungen zu Nahrungserg\u00e4nzungsmitteln f\u00fcr gesundheitliche Zwecke bereitgestellt werden.<\/p>\n\n<p>Latitude 12 LLC \u00fcbernimmt keine Garantie oder Gew\u00e4hrleistung in Bezug auf verkaufte Produkte oder Dienstleistungen. Latitude 12 LLC haftet nicht f\u00fcr Sch\u00e4den, die durch die bereitgestellten Informationen oder Dienstleistungen entstehen, selbst wenn Latitude 12 LLC auf die M\u00f6glichkeit von Sch\u00e4den hingewiesen wurde.<\/p>\n","protected":false},"excerpt":{"rendered":"<p>Die von About That Smile zur Verf\u00fcgung gestellten Informationen \u00fcber die Gesundheit sind nicht dazu bestimmt, Krankheiten zu diagnostizieren, zu behandeln, zu heilen oder zu verhindern. Produkte, Dienstleistungen, Informationen und andere Inhalte, die von About That Smile zur Verf\u00fcgung gestellt werden, einschlie\u00dflich Informationen, die auf Webseiten Dritter verweisen, werden nur zu Informationszwecken bereitgestellt. Die von&#8230;<\/p>\n","protected":false},"author":1,"featured_media":0,"parent":0,"menu_order":0,"comment_status":"closed","ping_status":"closed","template":"","meta":{"_kad_post_transparent":"","_kad_post_title":"","_kad_post_layout":"","_kad_post_sidebar_id":"","_kad_post_content_style":"","_kad_post_vertical_padding":"","_kad_post_feature":"","_kad_post_feature_position":"","_kad_post_header":false,"_kad_post_footer":false,"_kad_post_classname":"","footnotes":""},"class_list":["post-93","page","type-page","status-publish","hentry"],"_links":{"self":[{"href":"https:\/\/aboutthatsmile.com\/de\/wp-json\/wp\/v2\/pages\/93","targetHints":{"allow":["GET"]}}],"collection":[{"href":"https:\/\/aboutthatsmile.com\/de\/wp-json\/wp\/v2\/pages"}],"about":[{"href":"https:\/\/aboutthatsmile.com\/de\/wp-json\/wp\/v2\/types\/page"}],"author":[{"embeddable":true,"href":"https:\/\/aboutthatsmile.com\/de\/wp-json\/wp\/v2\/users\/1"}],"replies":[{"embeddable":true,"href":"https:\/\/aboutthatsmile.com\/de\/wp-json\/wp\/v2\/comments?post=93"}],"version-history":[{"count":6,"href":"https:\/\/aboutthatsmile.com\/de\/wp-json\/wp\/v2\/pages\/93\/revisions"}],"predecessor-version":[{"id":6423,"href":"https:\/\/aboutthatsmile.com\/de\/wp-json\/wp\/v2\/pages\/93\/revisions\/6423"}],"wp:attachment":[{"href":"https:\/\/aboutthatsmile.com\/de\/wp-json\/wp\/v2\/media?parent=93"}],"curies":[{"name":"wp","href":"https:\/\/api.w.org\/{rel}","templated":true}]}}