{"id":1437,"date":"2022-12-28T11:41:27","date_gmt":"2022-12-28T11:41:27","guid":{"rendered":"https:\/\/aboutthatsmile.com\/a-propos-de-ce-sourire\/"},"modified":"2025-02-15T15:02:52","modified_gmt":"2025-02-15T15:02:52","slug":"a-propos-de-ce-sourire","status":"publish","type":"page","link":"https:\/\/aboutthatsmile.com\/fr\/a-propos-de-ce-sourire\/","title":{"rendered":"A propos de About That Smile"},"content":{"rendered":"\n<p class=\"has-text-align-center\"><em>About That Smile a \u00e9t\u00e9 fond\u00e9 en 2023 dans le but de cr\u00e9er une source d&rsquo;information fiable sur le th\u00e8me des appareils dentaires invisibles (aligneurs) en particulier et de la sant\u00e9 dentaire en g\u00e9n\u00e9ral.<\/em><\/p>\n\n<p>Ici, nous comparons les produits de fournisseurs tels que <a href=\"https:\/\/aboutthatsmile.com\/fr\/experiences-drsmile\/\" data-type=\"post\" data-id=\"175\">DrSmile<\/a>, <a href=\"https:\/\/aboutthatsmile.com\/fr\/revue-plusdental-ce-que-les-patients-disent-des-gouttieres-invisibles\/\" data-type=\"post\" data-id=\"464\">PlusDental<\/a>, <a href=\"https:\/\/aboutthatsmile.com\/fr\/revue-dinvisalign-les-gouttieres-valent-elles-leur-prix\/\" data-type=\"post\" data-id=\"258\">Invisalign<\/a>, <a href=\"https:\/\/aboutthatsmile.com\/fr\/revue-smileunion-les-aligneurs-tiennent-ils-leurs-promesses\/\" data-type=\"post\" data-id=\"344\">Smileunion<\/a> ou <a href=\"https:\/\/aboutthatsmile.com\/fr\/revue-braceless\/\" data-type=\"post\" data-id=\"667\">Braceless<\/a>.  <\/p>\n\n<p>Sur About That Smile, tu trouveras \u00e9galement des conseils, des astuces et des recommandations sur diff\u00e9rents sujets li\u00e9s \u00e0 la goutti\u00e8re dentaire invisible.  <\/p>\n\n<p>Qu&rsquo;il s&rsquo;agisse des co\u00fbts, des avantages et des inconv\u00e9nients, des soins appropri\u00e9s ou des alternatives : Nous proposons des informations soigneusement recherch\u00e9es mais faciles \u00e0 comprendre<strong> pour tous ceux qui s&rsquo;int\u00e9ressent au sujet des aligneurs<\/strong>, qui envisagent eux-m\u00eames un traitement ou qui l&rsquo;ont m\u00eame d\u00e9j\u00e0 commenc\u00e9.<\/p>\n\n<p>Et parce que la sant\u00e9 dentaire nous tient \u00e0 c\u0153ur, tu trouveras ici, \u00e0 About That Smile, de nombreux conseils et informations sur l&rsquo;hygi\u00e8ne buccale, les traitements dentaires et leur financement.  <\/p>\n\n<figure class=\"wp-block-gallery has-nested-images columns-default is-cropped wp-block-gallery-1 is-layout-flex wp-block-gallery-is-layout-flex\">\n<figure class=\"wp-block-image size-large\"><img decoding=\"async\" width=\"1024\" height=\"683\" data-id=\"267\" src=\"https:\/\/aboutthatsmile.com\/wp-content\/uploads\/2023\/01\/frau-haelt-aligner-in-der-hand-laechelt-strahlend-1024x683.jpg\" alt=\"Femme tenant un aligneur avec un sourire - exp&#xE9;rience Invisalign\" class=\"wp-image-267\" title=\"\" srcset=\"https:\/\/aboutthatsmile.com\/wp-content\/uploads\/2023\/01\/frau-haelt-aligner-in-der-hand-laechelt-strahlend-1024x683.jpg 1024w, https:\/\/aboutthatsmile.com\/wp-content\/uploads\/2023\/01\/frau-haelt-aligner-in-der-hand-laechelt-strahlend-300x200.jpg 300w, https:\/\/aboutthatsmile.com\/wp-content\/uploads\/2023\/01\/frau-haelt-aligner-in-der-hand-laechelt-strahlend-768x512.jpg 768w, https:\/\/aboutthatsmile.com\/wp-content\/uploads\/2023\/01\/frau-haelt-aligner-in-der-hand-laechelt-strahlend-960x640.jpg 960w, https:\/\/aboutthatsmile.com\/wp-content\/uploads\/2023\/01\/frau-haelt-aligner-in-der-hand-laechelt-strahlend-1080x720.jpg 1080w, https:\/\/aboutthatsmile.com\/wp-content\/uploads\/2023\/01\/frau-haelt-aligner-in-der-hand-laechelt-strahlend.jpg 1200w\" sizes=\"(max-width: 1024px) 100vw, 1024px\" \/><\/figure>\n\n\n\n<figure class=\"wp-block-image size-large\"><img decoding=\"async\" width=\"1024\" height=\"683\" data-id=\"152\" src=\"https:\/\/aboutthatsmile.com\/wp-content\/uploads\/2022\/12\/junger-mann-haelt-aligner-in-der-hand-1024x683.jpg\" alt=\"Un jeune homme tient un appareil dentaire invisible dans sa main - DrSmile Experience\" class=\"wp-image-152\" title=\"\" srcset=\"https:\/\/aboutthatsmile.com\/wp-content\/uploads\/2022\/12\/junger-mann-haelt-aligner-in-der-hand-1024x683.jpg 1024w, https:\/\/aboutthatsmile.com\/wp-content\/uploads\/2022\/12\/junger-mann-haelt-aligner-in-der-hand-300x200.jpg 300w, https:\/\/aboutthatsmile.com\/wp-content\/uploads\/2022\/12\/junger-mann-haelt-aligner-in-der-hand-768x512.jpg 768w, https:\/\/aboutthatsmile.com\/wp-content\/uploads\/2022\/12\/junger-mann-haelt-aligner-in-der-hand-960x640.jpg 960w, https:\/\/aboutthatsmile.com\/wp-content\/uploads\/2022\/12\/junger-mann-haelt-aligner-in-der-hand-1080x720.jpg 1080w, https:\/\/aboutthatsmile.com\/wp-content\/uploads\/2022\/12\/junger-mann-haelt-aligner-in-der-hand.jpg 1200w\" sizes=\"(max-width: 1024px) 100vw, 1024px\" \/><\/figure>\n\n\n\n<figure class=\"wp-block-image size-large\"><img decoding=\"async\" width=\"1024\" height=\"683\" data-id=\"148\" src=\"https:\/\/aboutthatsmile.com\/wp-content\/uploads\/2022\/12\/junge-frau-lacht-haelt-unsichtbare-zahnschiene-in-der-hand-1024x683.jpg\" alt=\"L&#039;exp&#xE9;rience DrSmile : Les goutti&#xE8;res Dr Smile sont-elles vraiment bonnes ?\" class=\"wp-image-148\" title=\"\" srcset=\"https:\/\/aboutthatsmile.com\/wp-content\/uploads\/2022\/12\/junge-frau-lacht-haelt-unsichtbare-zahnschiene-in-der-hand-1024x683.jpg 1024w, https:\/\/aboutthatsmile.com\/wp-content\/uploads\/2022\/12\/junge-frau-lacht-haelt-unsichtbare-zahnschiene-in-der-hand-300x200.jpg 300w, https:\/\/aboutthatsmile.com\/wp-content\/uploads\/2022\/12\/junge-frau-lacht-haelt-unsichtbare-zahnschiene-in-der-hand-768x512.jpg 768w, https:\/\/aboutthatsmile.com\/wp-content\/uploads\/2022\/12\/junge-frau-lacht-haelt-unsichtbare-zahnschiene-in-der-hand-960x640.jpg 960w, https:\/\/aboutthatsmile.com\/wp-content\/uploads\/2022\/12\/junge-frau-lacht-haelt-unsichtbare-zahnschiene-in-der-hand-1080x720.jpg 1080w, https:\/\/aboutthatsmile.com\/wp-content\/uploads\/2022\/12\/junge-frau-lacht-haelt-unsichtbare-zahnschiene-in-der-hand.jpg 1200w\" sizes=\"(max-width: 1024px) 100vw, 1024px\" \/><\/figure>\n<\/figure>\n\n<h2 class=\"wp-block-heading\">Des informations fond\u00e9es et des exp\u00e9riences de premi\u00e8re main<\/h2>\n\n<p>Comme nous sommes nous-m\u00eames des utilisateurs convaincus d&rsquo;appareils dentaires invisibles, nous racontons bien s\u00fbr <strong>nos exp\u00e9riences de premi\u00e8re main<\/strong>. Nous sommes ouverts et honn\u00eates, nous n&rsquo;enjolivons rien pour que tu puisses te faire une id\u00e9e pr\u00e9cise de ce qui t&rsquo;attend avant, pendant et apr\u00e8s le traitement.   <\/p>\n\n<p>Tu as d\u00e9j\u00e0 fait beaucoup de recherches sur Internet et tu te sens un peu perdu face \u00e0 la masse d&rsquo;informations &#8211; parfois fausses, obsol\u00e8tes ou incompl\u00e8tes ?  <strong>Alors tu es au bon endroit chez About That Smile.  <\/strong><\/p>\n\n<h2 class=\"wp-block-heading has-text-align-center\">A propos de nous<\/h2>\n\n<p><strong>Notre mission :<\/strong> nous souhaitons transmettre \u00e0 toutes les personnes int\u00e9ress\u00e9es des connaissances approfondies sur cette forme de correction dentaire simple, bon march\u00e9 et discr\u00e8te.<\/p>\n\n<p><strong>Notre objectif :<\/strong> aider le plus grand nombre d&rsquo;entre vous \u00e0 retrouver un sourire \u00e9clatant.  <\/p>\n\n<h3 class=\"wp-block-heading\">Tim (co-fondateur)  <\/h3>\n\n<div class=\"wp-block-media-text alignwide is-stacked-on-mobile is-vertically-aligned-top\" style=\"grid-template-columns:30% auto\"><figure class=\"wp-block-media-text__media\"><img decoding=\"async\" width=\"500\" height=\"500\" src=\"https:\/\/aboutthatsmile.com\/wp-content\/uploads\/2024\/12\/Tim-Kroeger-founder-of-Universal-Traveller-Luxury-Travel-Specialist-shares-insights-into-hospitality-and-digital-nomads-trends-pioneered-luxury-bikepacking.png\" alt=\"\" class=\"wp-image-15781 size-full\" title=\"\" srcset=\"https:\/\/aboutthatsmile.com\/wp-content\/uploads\/2024\/12\/Tim-Kroeger-founder-of-Universal-Traveller-Luxury-Travel-Specialist-shares-insights-into-hospitality-and-digital-nomads-trends-pioneered-luxury-bikepacking.png 500w, https:\/\/aboutthatsmile.com\/wp-content\/uploads\/2024\/12\/Tim-Kroeger-founder-of-Universal-Traveller-Luxury-Travel-Specialist-shares-insights-into-hospitality-and-digital-nomads-trends-pioneered-luxury-bikepacking-300x300.png 300w, https:\/\/aboutthatsmile.com\/wp-content\/uploads\/2024\/12\/Tim-Kroeger-founder-of-Universal-Traveller-Luxury-Travel-Specialist-shares-insights-into-hospitality-and-digital-nomads-trends-pioneered-luxury-bikepacking-150x150.png 150w\" sizes=\"(max-width: 500px) 100vw, 500px\" \/><\/figure><div class=\"wp-block-media-text__content\">\n<p>Apr\u00e8s avoir termin\u00e9 avec succ\u00e8s ses \u00e9tudes en administration des affaires, Tim a commenc\u00e9 \u00e0 se sp\u00e9cialiser dans l&rsquo;optimisation des moteurs de recherche (SEO). Apr\u00e8s avoir acquis des connaissances approfondies pendant un certain temps, il a finalement commenc\u00e9 \u00e0 construire ses premiers sites web.   <\/p>\n\n\n\n<p>Le succ\u00e8s ne s&rsquo;est pas fait attendre. Bien qu&rsquo;il g\u00e8re aujourd&rsquo;hui plusieurs sites web connus, le sujet des aligneurs l&rsquo;int\u00e9resse particuli\u00e8rement en raison de sa propre exp\u00e9rience.   <strong>Avec About That Smile, il souhaite \u00e9galement aider d&rsquo;autres personnes \u00e0 r\u00e9aliser leur r\u00eave d&rsquo;avoir de belles dents.  <\/strong><\/p>\n<\/div><\/div>\n\n<h3 class=\"wp-block-heading\"><a href=\"https:\/\/aboutthatsmile.com\/de\/author\/franzi\/\">Franzi (co-fondatrice)<\/a><\/h3>\n\n<div class=\"wp-block-media-text alignwide is-stacked-on-mobile is-vertically-aligned-top\" style=\"grid-template-columns:30% auto\"><figure class=\"wp-block-media-text__media\"><img decoding=\"async\" width=\"900\" height=\"1200\" src=\"https:\/\/aboutthatsmile.com\/wp-content\/uploads\/2023\/01\/IMG_9794.jpg\" alt=\"Franzi - Co-fondatrice d&#039;About That Smile\" class=\"wp-image-790 size-full\" title=\"\" srcset=\"https:\/\/aboutthatsmile.com\/wp-content\/uploads\/2023\/01\/IMG_9794.jpg 900w, https:\/\/aboutthatsmile.com\/wp-content\/uploads\/2023\/01\/IMG_9794-225x300.jpg 225w, https:\/\/aboutthatsmile.com\/wp-content\/uploads\/2023\/01\/IMG_9794-768x1024.jpg 768w, https:\/\/aboutthatsmile.com\/wp-content\/uploads\/2023\/01\/IMG_9794-546x728.jpg 546w, https:\/\/aboutthatsmile.com\/wp-content\/uploads\/2023\/01\/IMG_9794-360x480.jpg 360w, https:\/\/aboutthatsmile.com\/wp-content\/uploads\/2023\/01\/IMG_9794-240x320.jpg 240w, https:\/\/aboutthatsmile.com\/wp-content\/uploads\/2023\/01\/IMG_9794-720x960.jpg 720w, https:\/\/aboutthatsmile.com\/wp-content\/uploads\/2023\/01\/IMG_9794-810x1080.jpg 810w\" sizes=\"(max-width: 900px) 100vw, 900px\" \/><\/figure><div class=\"wp-block-media-text__content\">\n<p>Apr\u00e8s ses \u00e9tudes de germanistique et de sociologie, Franzi a commenc\u00e9 \u00e0 travailler en tant que salari\u00e9e puis en tant qu&rsquo;ind\u00e9pendante dans le domaine de la r\u00e9daction en ligne. Elle a d\u00e9couvert le sujet des aligneurs un peu par hasard lorsqu&rsquo;elle a travaill\u00e9 pendant un certain temps pour un client du secteur dentaire.   <\/p>\n\n\n\n<p>Au fil des ann\u00e9es, elle a acquis des connaissances approfondies dans le domaine de la correction dentaire, des soins dentaires, des malpositions et des maladies dentaires ainsi que du tourisme dentaire. Le sujet des appareils dentaires invisibles l&rsquo;a tellement enthousiasm\u00e9e qu&rsquo;elle a finalement commenc\u00e9 \u00e0 utiliser des aligneurs.   <\/p>\n\n\n\n<p>Sur About That Smile, elle souhaite transmettre des connaissances approfondies \u00e0 tous ceux qui s&rsquo;int\u00e9ressent \u00e0 la correction dentaire avec des goutti\u00e8res invisibles.  <strong>Elle souhaite avant tout partager ses exp\u00e9riences personnelles et informer sur les avantages et les inconv\u00e9nients du traitement.  <\/strong><\/p>\n<\/div><\/div>\n\n<p><\/p>\n","protected":false},"excerpt":{"rendered":"<p>About That Smile a \u00e9t\u00e9 fond\u00e9 en 2023 dans le but de cr\u00e9er une source d&rsquo;information fiable sur le th\u00e8me des appareils dentaires invisibles (aligneurs) en particulier et de la sant\u00e9 dentaire en g\u00e9n\u00e9ral. Ici, nous comparons les produits de fournisseurs tels que DrSmile, PlusDental, Invisalign, Smileunion ou Braceless. Sur About That Smile, tu trouveras&#8230;<\/p>\n","protected":false},"author":1,"featured_media":0,"parent":0,"menu_order":0,"comment_status":"closed","ping_status":"closed","template":"","meta":{"_kad_post_transparent":"","_kad_post_title":"","_kad_post_layout":"","_kad_post_sidebar_id":"","_kad_post_content_style":"","_kad_post_vertical_padding":"","_kad_post_feature":"","_kad_post_feature_position":"","_kad_post_header":false,"_kad_post_footer":false,"_kad_post_classname":"","footnotes":""},"class_list":["post-1437","page","type-page","status-publish","hentry"],"_links":{"self":[{"href":"https:\/\/aboutthatsmile.com\/fr\/wp-json\/wp\/v2\/pages\/1437","targetHints":{"allow":["GET"]}}],"collection":[{"href":"https:\/\/aboutthatsmile.com\/fr\/wp-json\/wp\/v2\/pages"}],"about":[{"href":"https:\/\/aboutthatsmile.com\/fr\/wp-json\/wp\/v2\/types\/page"}],"author":[{"embeddable":true,"href":"https:\/\/aboutthatsmile.com\/fr\/wp-json\/wp\/v2\/users\/1"}],"replies":[{"embeddable":true,"href":"https:\/\/aboutthatsmile.com\/fr\/wp-json\/wp\/v2\/comments?post=1437"}],"version-history":[{"count":4,"href":"https:\/\/aboutthatsmile.com\/fr\/wp-json\/wp\/v2\/pages\/1437\/revisions"}],"predecessor-version":[{"id":15738,"href":"https:\/\/aboutthatsmile.com\/fr\/wp-json\/wp\/v2\/pages\/1437\/revisions\/15738"}],"wp:attachment":[{"href":"https:\/\/aboutthatsmile.com\/fr\/wp-json\/wp\/v2\/media?parent=1437"}],"curies":[{"name":"wp","href":"https:\/\/api.w.org\/{rel}","templated":true}]}}